{"id":58,"date":"2017-10-05T07:36:05","date_gmt":"2017-10-05T07:36:05","guid":{"rendered":"http:\/\/www.tuovisensaatio.fi\/?page_id=58"},"modified":"2024-09-27T07:05:51","modified_gmt":"2024-09-27T07:05:51","slug":"etusivu","status":"publish","type":"page","link":"https:\/\/tuovisensaatio.fi\/","title":{"rendered":"Etusivu"},"content":{"rendered":"\n\n\t\t\t\t<img src=\"http:\/\/www.tuovisensaatio.fi\/wp-content\/uploads\/2017\/10\/bus.jpg\" alt=\"bus\" itemprop=\"image\" title=\"bus\" onerror=\"this.style.display='none'\"  \/>\n\t<p>Lahteen perustettiin 7.5.2002 yleishy\u00f6dyllinen Onni ja Hilja Tuovisen S\u00e4\u00e4ti\u00f6 sr, joka p\u00e4\u00e4omaltaan kuuluu Lahden merkitt\u00e4vimpiin s\u00e4\u00e4ti\u00f6ihin. Vuonna 2021 s\u00e4\u00e4ti\u00f6\u00f6n on liitetty Tapio Honkam\u00e4en rahasto.<\/p>\n<p>S\u00e4\u00e4ti\u00f6 tukee p\u00e4ij\u00e4th\u00e4m\u00e4l\u00e4isi\u00e4 etusijassa karjalaisista vanhemmista polveutuvia teknillisen alan ja ymp\u00e4rist\u00f6ekologian opiskelijoita, syd\u00e4nsairauksien ja diabeteksen tutkimusta ja hoitoa, avun ja hoidon tarpeessa olevia lapsia ja nuoria sek\u00e4 Tuovisen Liikenne Oy:n tai Lahden Liikenne Oy:n palveluksessa olleita linja-autonkuljettajia. S\u00e4\u00e4ti\u00f6 on jakanut vuodesta 2003 l\u00e4htien tutkimusapurahoja, stipendej\u00e4 ja avustuksia.\u00a0\u00a0<\/p>\n<p>Tapio Honkam\u00e4en rahasto tukee P\u00e4ij\u00e4t-H\u00e4meest\u00e4 olevia autoalan opiskelijoita.\u00a0<\/p>\n<p>&nbsp;<\/p>\n<p>S\u00e4\u00e4ti\u00f6 vastaanottaa my\u00f6s lahjoituksia.<\/p>\n<p>&nbsp;<\/p>\n<p>&nbsp;<\/p>\n<p>&nbsp;<\/p>\n<p>&nbsp;<\/p>\n<p>&nbsp;<\/p>\n<p>&nbsp;<\/p>\n<p>&nbsp;<\/p>\n<p><em><a href=\"https:\/\/tuovisensaatio.fi\/wp-content\/uploads\/2021\/10\/Onni-ja-Hilja-Tuovisen-Saatio_sr-myonnettyjen-apurahojen-ja-avustuksien-kohteita-vuosien-ajalta-ID-40239.pdf\"><strong>T\u00e4st\u00e4 p\u00e4\u00e4set katsomaan Onni<\/strong> <strong>ja Hilja Tuovisen S\u00e4\u00e4ti\u00f6_sr:n my\u00f6nt\u00e4mien apurahojen ja avustuksien kohteita vuosien ajalta<\/strong><\/a><\/em><\/p>\n<p>&nbsp;<\/p>\n<p>&nbsp;<\/p>\n\n","protected":false},"excerpt":{"rendered":"<p>Lahteen perustettiin 7.5.2002 yleishy\u00f6dyllinen Onni ja Hilja Tuovisen S\u00e4\u00e4ti\u00f6 sr, joka p\u00e4\u00e4omaltaan kuuluu Lahden merkitt\u00e4vimpiin s\u00e4\u00e4ti\u00f6ihin. Vuonna 2021 s\u00e4\u00e4ti\u00f6\u00f6n on liitetty Tapio Honkam\u00e4en rahasto. S\u00e4\u00e4ti\u00f6 tukee p\u00e4ij\u00e4th\u00e4m\u00e4l\u00e4isi\u00e4 etusijassa karjalaisista vanhemmista polveutuvia teknillisen alan ja ymp\u00e4rist\u00f6ekologian opiskelijoita, syd\u00e4nsairauksien ja diabeteksen tutkimusta&hellip; <\/p>\n","protected":false},"author":1,"featured_media":0,"parent":0,"menu_order":0,"comment_status":"closed","ping_status":"closed","template":"","meta":[],"_links":{"self":[{"href":"https:\/\/tuovisensaatio.fi\/index.php?rest_route=\/wp\/v2\/pages\/58"}],"collection":[{"href":"https:\/\/tuovisensaatio.fi\/index.php?rest_route=\/wp\/v2\/pages"}],"about":[{"href":"https:\/\/tuovisensaatio.fi\/index.php?rest_route=\/wp\/v2\/types\/page"}],"author":[{"embeddable":true,"href":"https:\/\/tuovisensaatio.fi\/index.php?rest_route=\/wp\/v2\/users\/1"}],"replies":[{"embeddable":true,"href":"https:\/\/tuovisensaatio.fi\/index.php?rest_route=%2Fwp%2Fv2%2Fcomments&post=58"}],"version-history":[{"count":29,"href":"https:\/\/tuovisensaatio.fi\/index.php?rest_route=\/wp\/v2\/pages\/58\/revisions"}],"predecessor-version":[{"id":1286,"href":"https:\/\/tuovisensaatio.fi\/index.php?rest_route=\/wp\/v2\/pages\/58\/revisions\/1286"}],"wp:attachment":[{"href":"https:\/\/tuovisensaatio.fi\/index.php?rest_route=%2Fwp%2Fv2%2Fmedia&parent=58"}],"curies":[{"name":"wp","href":"https:\/\/api.w.org\/{rel}","templated":true}]}}